{"id":201,"date":"2024-01-10T17:05:49","date_gmt":"2024-01-10T16:05:49","guid":{"rendered":"https:\/\/diekletterbande.de\/wp\/hoehenarbeit-copy\/"},"modified":"2024-06-17T21:15:32","modified_gmt":"2024-06-17T19:15:32","slug":"putz-und-maurerarbeiten","status":"publish","type":"page","link":"https:\/\/diekletterbande.de\/wp\/hoehenarbeit\/putz-und-maurerarbeiten\/","title":{"rendered":"Putz- und Maurerarbeiten"},"content":{"rendered":"","protected":false},"excerpt":{"rendered":"","protected":false},"author":1,"featured_media":0,"parent":10,"menu_order":3,"comment_status":"closed","ping_status":"closed","template":"","meta":[],"class_list":["post-201","page","type-page","status-publish","hentry"],"grid":"{\r\n  \"colCount\": 15,\r\n  \"colGutter\": 2.5,\r\n  \"rowGutters\": [\r\n    5\r\n  ],\r\n  \"frameMargin\": 5,\r\n  \"leftFrameMargin\": 5,\r\n  \"rightFrameMargin\": 5,\r\n  \"topFrameMargin\": 0,\r\n  \"mus\": {\r\n    \"colGutterMu\": \"%\",\r\n    \"rowGutterMu\": \"%\",\r\n    \"topFrameMu\": \"px\",\r\n    \"bottomFrameMu\": \"px\",\r\n    \"frameMu\": \"%\"\r\n  },\r\n  \"bottomFrameMargin\": 100,\r\n  \"rowAttrs\": [\r\n    {\r\n      \"row100vh\": true,\r\n      \"rowcustomheight\": \"\",\r\n      \"webglslideshow\": {\r\n        \"carousel_options\": {\r\n          \"transition\": \"directionalwipe\",\r\n          \"autoplaySpeed\": 600,\r\n          \"autoplayDelay\": 300,\r\n          \"transitionSpeed\": 2000,\r\n          \"random\": true\r\n        },\r\n        \"carousel\": [\r\n          {\r\n            \"type\": \"img\",\r\n            \"attid\": 200,\r\n            \"cont\": \"\/wp-content\/uploads\/2024\/01\/KB-Header-860x1500-Putzarbeiten-5.jpg\",\r\n            \"sizes\": {\r\n              \"full\": \"\/wp-content\/uploads\/2024\/01\/KB-Header-860x1500-Putzarbeiten-5.jpg\",\r\n              \"_1280\": \"\/wp-content\/uploads\/2024\/01\/KB-Header-860x1500-Putzarbeiten-5-1280x734.jpg\",\r\n              \"_1024\": \"\/wp-content\/uploads\/2024\/01\/KB-Header-860x1500-Putzarbeiten-5-1024x587.jpg\",\r\n              \"_768\": \"\/wp-content\/uploads\/2024\/01\/KB-Header-860x1500-Putzarbeiten-5-768x440.jpg\",\r\n              \"_512\": \"\/wp-content\/uploads\/2024\/01\/KB-Header-860x1500-Putzarbeiten-5-512x294.jpg\",\r\n              \"_265\": \"\/wp-content\/uploads\/2024\/01\/KB-Header-860x1500-Putzarbeiten-5-265x152.jpg\"\r\n            },\r\n            \"w\": 1500,\r\n            \"h\": 860,\r\n            \"ar\": 0.5733333333333334,\r\n            \"alt\": \"\"\r\n          },\r\n          {\r\n            \"type\": \"img\",\r\n            \"attid\": 199,\r\n            \"cont\": \"\/wp-content\/uploads\/2024\/01\/KB-Header-860x1500-Putzarbeiten-4.jpg\",\r\n            \"sizes\": {\r\n              \"full\": \"\/wp-content\/uploads\/2024\/01\/KB-Header-860x1500-Putzarbeiten-4.jpg\",\r\n              \"_1280\": \"\/wp-content\/uploads\/2024\/01\/KB-Header-860x1500-Putzarbeiten-4-1280x734.jpg\",\r\n              \"_1024\": \"\/wp-content\/uploads\/2024\/01\/KB-Header-860x1500-Putzarbeiten-4-1024x587.jpg\",\r\n              \"_768\": \"\/wp-content\/uploads\/2024\/01\/KB-Header-860x1500-Putzarbeiten-4-768x440.jpg\",\r\n              \"_512\": \"\/wp-content\/uploads\/2024\/01\/KB-Header-860x1500-Putzarbeiten-4-512x294.jpg\",\r\n              \"_265\": \"\/wp-content\/uploads\/2024\/01\/KB-Header-860x1500-Putzarbeiten-4-265x152.jpg\"\r\n            },\r\n            \"w\": 1500,\r\n            \"h\": 860,\r\n            \"ar\": 0.5733333333333334,\r\n            \"alt\": \"\"\r\n          },\r\n          {\r\n            \"type\": \"img\",\r\n            \"attid\": 198,\r\n            \"cont\": \"\/wp-content\/uploads\/2024\/01\/KB-Header-860x1500-Putzarbeiten-3.jpg\",\r\n            \"sizes\": {\r\n              \"full\": \"\/wp-content\/uploads\/2024\/01\/KB-Header-860x1500-Putzarbeiten-3.jpg\",\r\n              \"_1280\": \"\/wp-content\/uploads\/2024\/01\/KB-Header-860x1500-Putzarbeiten-3-1280x734.jpg\",\r\n              \"_1024\": \"\/wp-content\/uploads\/2024\/01\/KB-Header-860x1500-Putzarbeiten-3-1024x587.jpg\",\r\n              \"_768\": \"\/wp-content\/uploads\/2024\/01\/KB-Header-860x1500-Putzarbeiten-3-768x440.jpg\",\r\n              \"_512\": \"\/wp-content\/uploads\/2024\/01\/KB-Header-860x1500-Putzarbeiten-3-512x294.jpg\",\r\n              \"_265\": \"\/wp-content\/uploads\/2024\/01\/KB-Header-860x1500-Putzarbeiten-3-265x152.jpg\"\r\n            },\r\n            \"w\": 1500,\r\n            \"h\": 860,\r\n            \"ar\": 0.5733333333333334,\r\n            \"alt\": \"\"\r\n          },\r\n          {\r\n            \"type\": \"img\",\r\n            \"attid\": 197,\r\n            \"cont\": \"\/wp-content\/uploads\/2024\/01\/KB-Header-860x1500-Putzarbeiten-2.jpg\",\r\n            \"sizes\": {\r\n              \"full\": \"\/wp-content\/uploads\/2024\/01\/KB-Header-860x1500-Putzarbeiten-2.jpg\",\r\n              \"_1280\": \"\/wp-content\/uploads\/2024\/01\/KB-Header-860x1500-Putzarbeiten-2-1280x734.jpg\",\r\n              \"_1024\": \"\/wp-content\/uploads\/2024\/01\/KB-Header-860x1500-Putzarbeiten-2-1024x587.jpg\",\r\n              \"_768\": \"\/wp-content\/uploads\/2024\/01\/KB-Header-860x1500-Putzarbeiten-2-768x440.jpg\",\r\n              \"_512\": \"\/wp-content\/uploads\/2024\/01\/KB-Header-860x1500-Putzarbeiten-2-512x294.jpg\",\r\n              \"_265\": \"\/wp-content\/uploads\/2024\/01\/KB-Header-860x1500-Putzarbeiten-2-265x152.jpg\"\r\n            },\r\n            \"w\": 1500,\r\n            \"h\": 860,\r\n            \"ar\": 0.5733333333333334,\r\n            \"alt\": \"\"\r\n          },\r\n          {\r\n            \"type\": \"img\",\r\n            \"attid\": 196,\r\n            \"cont\": \"\/wp-content\/uploads\/2024\/01\/KB-Header-860x1500-Putzarbeiten-1.jpg\",\r\n            \"sizes\": {\r\n              \"full\": \"\/wp-content\/uploads\/2024\/01\/KB-Header-860x1500-Putzarbeiten-1.jpg\",\r\n              \"_1280\": \"\/wp-content\/uploads\/2024\/01\/KB-Header-860x1500-Putzarbeiten-1-1280x734.jpg\",\r\n              \"_1024\": \"\/wp-content\/uploads\/2024\/01\/KB-Header-860x1500-Putzarbeiten-1-1024x587.jpg\",\r\n              \"_768\": \"\/wp-content\/uploads\/2024\/01\/KB-Header-860x1500-Putzarbeiten-1-768x440.jpg\",\r\n              \"_512\": \"\/wp-content\/uploads\/2024\/01\/KB-Header-860x1500-Putzarbeiten-1-512x294.jpg\",\r\n              \"_265\": \"\/wp-content\/uploads\/2024\/01\/KB-Header-860x1500-Putzarbeiten-1-265x152.jpg\"\r\n            },\r\n            \"w\": 1500,\r\n            \"h\": 860,\r\n            \"ar\": 0.5733333333333334,\r\n            \"alt\": \"\"\r\n          }\r\n        ]\r\n      },\r\n      \"relid\": 1\r\n    },\r\n    {\r\n      \"relid\": 3\r\n    }\r\n  ],\r\n  \"bgColor\": null,\r\n  \"bgImage\": null,\r\n  \"cont\": [\r\n    {\r\n      \"type\": \"text\",\r\n      \"cont\": \"<p><span style=\\\"color: #000000;\\\">Putz- und Maurerarbeiten<\/span><\/p>\",\r\n      \"align\": \"bottom\",\r\n      \"row\": 0,\r\n      \"col\": 0,\r\n      \"colspan\": 15,\r\n      \"offsetx\": 0,\r\n      \"offsety\": 0,\r\n      \"spaceabove\": 0,\r\n      \"spacebelow\": 20,\r\n      \"yvel\": 1,\r\n      \"push\": 0,\r\n      \"relid\": 6,\r\n      \"absolute_position\": true,\r\n      \"frameOverflow\": \"\",\r\n      \"spacebelowMu\": \"px\",\r\n      \"classes\": \"Bildunterschrift\"\r\n    },\r\n    {\r\n      \"type\": \"text\",\r\n      \"cont\": \"<h1 class=\\\"_H1\\\">Putz- und Maurerarbeiten<\/h1><p>Wir sind spezialisiert auf Putzsanierungen an der Fassade und k\u00f6nnen alle m\u00f6glichen Strukturen originalgetreu wieder herstellen.<\/p><p>Auch profilierte Gesimse, Stuckateurarbeiten und Bildhauerarbeiten geh\u00f6ren zu unserem Leistungsspektrum. Wir reparieren und restaurieren aller Art, um den Charme und die \u00c4sthetik Ihres Geb\u00e4udes zu erhalten oder wiederherzustellen. Unsere Fachleute aus dem Steinmetzbereich mit jahrelanger Erfahrung haben f\u00fcr sie das n\u00f6tige Knowhow, um Sch\u00e4den fachgerecht zu reparieren und neu zu gestalten.<\/p><p>Wir erf\u00fcllen Ihnen auch ihre W\u00fcnsche in der Schornsteinsanierung. Das kann von Ausbesserungen der Fugen wie aufsetzen von Ringankern, Mauerstein Austausch sowie alle anderen Arbeiten beinhalten.<\/p><p>Unser erfahrenes Team steht Ihnen zur Verf\u00fcgung, um Ihre Sch\u00e4den fachgerecht zu sanieren und zu reparieren. Egal ob es um Risse, Putzsch\u00e4den oder andere Probleme geht, wir finden die passende L\u00f6sung f\u00fcr Sie.<\/p><p>Unsere Experten sind mit den neuesten Techniken und Materialien vertraut, um eine effiziente und langlebige Sanierung zu gew\u00e4hrleisten. Wir legen gro\u00dfen Wert auf Qualit\u00e4t und Kundenzufriedenheit, daher verwenden wir nur hochwertige Materialien und arbeiten pr\u00e4zise.<\/p><p>Wir bieten Ihnen zus\u00e4tzlich an, den vorhanden Farbton durch eine weitere Fachfirma, mit der wir zuverl\u00e4ssig zusammenarbeiten, herzustellen und sind somit in der Lage ihre Sch\u00e4den wieder in die originale Farbfassung zu setzen.<\/p><p>Kontaktieren Sie uns noch heute, um mehr \u00fcber unsere Leistungen im Bereich Schornsteinsanierung, Gesimse und Reparaturarbeiten an der Fassade zu erfahren. Wir freuen uns darauf, Ihnen weiterzuhelfen und Ihr Vertrauen zu gewinnen.<span id=\\\"wpaicg-chat-message-40721\\\" class=\\\"wpaicg-chat-message\\\"><\/span><\/p>\",\r\n      \"align\": \"top\",\r\n      \"row\": 1,\r\n      \"col\": 0,\r\n      \"colspan\": 10,\r\n      \"offsetx\": 0,\r\n      \"offsety\": 0,\r\n      \"spaceabove\": 0,\r\n      \"spacebelow\": 0,\r\n      \"yvel\": 1,\r\n      \"push\": 0,\r\n      \"relid\": 4,\r\n      \"absolute_position\": false,\r\n      \"frameOverflow\": \"\"\r\n    },\r\n    {\r\n      \"type\": \"stack\",\r\n      \"cont\": [\r\n        {\r\n          \"type\": \"text\",\r\n          \"cont\": \"<h1 class=\\\"_H2Boxen\\\"><span style=\\\"font-family: HelveticaNeueLTPro-BlkEx; letter-spacing: 0.02em; color: #ffffff;\\\">KONTAKT<br \/><\/span><\/h1><p class=\\\"_Boxen\\\"><span style=\\\"color: #ffffff;\\\">Sie erreichen uns zu den regul\u00e4ren Gesch\u00e4ftszeiten unter <a href=\\\"tel:XXX\\\"><span style=\\\"color: #ffffff;\\\">+49 123 45 67 89<\/span><\/a> oder jederzeit <a href=\\\"mailto:xxx\\\"><span style=\\\"color: #ffffff;\\\">per E-Mail<\/span><\/a>.<\/span><\/p>\",\r\n          \"align\": \"top\",\r\n          \"row\": -1,\r\n          \"col\": 0,\r\n          \"colspan\": 5,\r\n          \"offsetx\": 0,\r\n          \"offsety\": 0,\r\n          \"spaceabove\": 0,\r\n          \"spacebelow\": 0,\r\n          \"yvel\": 1,\r\n          \"push\": 0,\r\n          \"relid\": 5,\r\n          \"absolute_position\": false,\r\n          \"classes\": \"BoxBlau\",\r\n          \"stickytop\": null,\r\n          \"spacebelowMu\": \"px\"\r\n        },\r\n        {\r\n          \"type\": \"carousel\",\r\n          \"cont\": \"\",\r\n          \"align\": \"top\",\r\n          \"row\": -1,\r\n          \"col\": 0,\r\n          \"colspan\": 5,\r\n          \"offsetx\": 0,\r\n          \"offsety\": 0,\r\n          \"spaceabove\": 0,\r\n          \"spacebelow\": 0,\r\n          \"yvel\": 1,\r\n          \"push\": 0,\r\n          \"relid\": 8,\r\n          \"carousel_options\": {\r\n            \"random\": false,\r\n            \"autoplay\": false,\r\n            \"showMultipleSlides\": false,\r\n            \"freeScroll\": false,\r\n            \"mousewheelScroll\": false,\r\n            \"size\": \"aspectRatioOfFirstElement\",\r\n            \"slidesWidth\": \"null\",\r\n            \"transition\": \"sliding\",\r\n            \"loop\": \"1\",\r\n            \"spaceBetween\": 0,\r\n            \"captionsUnderSlides\": false,\r\n            \"autoplaySpeed\": 2000,\r\n            \"autoplayDelay\": 0,\r\n            \"transitionSpeed\": 300,\r\n            \"fillSlides\": false\r\n          },\r\n          \"carousel\": [\r\n            {\r\n              \"cont\": \"<h2 class=\\\"_H2Boxen\\\"><span style=\\\"color: #000000;\\\">WUSSTEN SIE SCHON?<\/span><\/h2><p class=\\\"_Boxen\\\"><span style=\\\"color: #000000;\\\">Tipp Nummer 1, Hinweis Nummer 1, was wir so erledigen k\u00f6nnen. Was Sie bei uns bekommen k\u00f6nnen. Usw. und so fort. So geht es dann noch weiter und es steht mehr Text hier.<br \/><\/span><\/p>\",\r\n              \"type\": \"text\"\r\n            },\r\n            {\r\n              \"cont\": \"<h2 class=\\\"_H2Boxen\\\"><span style=\\\"color: #000000;\\\">WUSSTEN SIE SCHON?<\/span><\/h2><p class=\\\"_Boxen\\\"><span style=\\\"color: #000000;\\\">Tipp Nummer 1, Hinweis Nummer 1, was wir so erledigen k\u00f6nnen. Was Sie bei uns bekommen k\u00f6nnen. Usw. und so fort.<\/span><\/p>\",\r\n              \"type\": \"text\"\r\n            },\r\n            {\r\n              \"cont\": \"<h2 class=\\\"_H2Boxen\\\"><span style=\\\"color: #000000;\\\">WUSSTEN SIE SCHON?<\/span><\/h2><p class=\\\"_Boxen\\\"><span style=\\\"color: #000000;\\\">Tipp Nummer 1, Hinweis Nummer 1, was wir so erledigen k\u00f6nnen. Was Sie bei uns bekommen k\u00f6nnen. Usw. und so fort.<\/span><\/p>\",\r\n              \"type\": \"text\"\r\n            }\r\n          ],\r\n          \"absolute_position\": false,\r\n          \"classes\": \"BoxGelb\"\r\n        }\r\n      ],\r\n      \"align\": \"top\",\r\n      \"row\": 1,\r\n      \"col\": 10,\r\n      \"colspan\": 5,\r\n      \"offsetx\": 0,\r\n      \"offsety\": 0,\r\n      \"spaceabove\": 0,\r\n      \"spacebelow\": 0,\r\n      \"yvel\": 1,\r\n      \"push\": 0,\r\n      \"relid\": 2,\r\n      \"absolute_position\": false,\r\n      \"frameOverflow\": \"\"\r\n    }\r\n  ]\r\n}","phonegrid":"","_links":{"self":[{"href":"https:\/\/diekletterbande.de\/wp\/wp-json\/wp\/v2\/pages\/201","targetHints":{"allow":["GET"]}}],"collection":[{"href":"https:\/\/diekletterbande.de\/wp\/wp-json\/wp\/v2\/pages"}],"about":[{"href":"https:\/\/diekletterbande.de\/wp\/wp-json\/wp\/v2\/types\/page"}],"author":[{"embeddable":true,"href":"https:\/\/diekletterbande.de\/wp\/wp-json\/wp\/v2\/users\/1"}],"replies":[{"embeddable":true,"href":"https:\/\/diekletterbande.de\/wp\/wp-json\/wp\/v2\/comments?post=201"}],"version-history":[{"count":0,"href":"https:\/\/diekletterbande.de\/wp\/wp-json\/wp\/v2\/pages\/201\/revisions"}],"up":[{"embeddable":true,"href":"https:\/\/diekletterbande.de\/wp\/wp-json\/wp\/v2\/pages\/10"}],"wp:attachment":[{"href":"https:\/\/diekletterbande.de\/wp\/wp-json\/wp\/v2\/media?parent=201"}],"curies":[{"name":"wp","href":"https:\/\/api.w.org\/{rel}","templated":true}]}}