{"id":228,"date":"2024-01-11T15:42:23","date_gmt":"2024-01-11T14:42:23","guid":{"rendered":"https:\/\/diekletterbande.de\/wp\/montagearbeiten-copy\/"},"modified":"2024-06-17T21:20:25","modified_gmt":"2024-06-17T19:20:25","slug":"gefahrenbeseitigung","status":"publish","type":"page","link":"https:\/\/diekletterbande.de\/wp\/hoehenarbeit\/gefahrenbeseitigung\/","title":{"rendered":"Gefahrenbeseitigung"},"content":{"rendered":"","protected":false},"excerpt":{"rendered":"","protected":false},"author":1,"featured_media":0,"parent":10,"menu_order":6,"comment_status":"closed","ping_status":"closed","template":"","meta":[],"class_list":["post-228","page","type-page","status-publish","hentry"],"grid":"{\r\n  \"colCount\": 15,\r\n  \"colGutter\": 2.5,\r\n  \"rowGutters\": [\r\n    5\r\n  ],\r\n  \"frameMargin\": 5,\r\n  \"leftFrameMargin\": 5,\r\n  \"rightFrameMargin\": 5,\r\n  \"topFrameMargin\": 0,\r\n  \"mus\": {\r\n    \"colGutterMu\": \"%\",\r\n    \"rowGutterMu\": \"%\",\r\n    \"topFrameMu\": \"px\",\r\n    \"bottomFrameMu\": \"px\",\r\n    \"frameMu\": \"%\"\r\n  },\r\n  \"bottomFrameMargin\": 100,\r\n  \"rowAttrs\": [\r\n    {\r\n      \"row100vh\": true,\r\n      \"rowcustomheight\": \"\",\r\n      \"webglslideshow\": {\r\n        \"carousel_options\": {\r\n          \"transition\": \"directionalwipe\",\r\n          \"autoplaySpeed\": 600,\r\n          \"autoplayDelay\": 300,\r\n          \"transitionSpeed\": 2000\r\n        },\r\n        \"carousel\": [\r\n          {\r\n            \"type\": \"img\",\r\n            \"attid\": 212,\r\n            \"cont\": \"\/wp-content\/uploads\/2024\/01\/KB-Header-860x1500-Holzschutz-1.jpg\",\r\n            \"sizes\": {\r\n              \"full\": \"\/wp-content\/uploads\/2024\/01\/KB-Header-860x1500-Holzschutz-1.jpg\",\r\n              \"_1280\": \"\/wp-content\/uploads\/2024\/01\/KB-Header-860x1500-Holzschutz-1-1280x734.jpg\",\r\n              \"_1024\": \"\/wp-content\/uploads\/2024\/01\/KB-Header-860x1500-Holzschutz-1-1024x587.jpg\",\r\n              \"_768\": \"\/wp-content\/uploads\/2024\/01\/KB-Header-860x1500-Holzschutz-1-768x440.jpg\",\r\n              \"_512\": \"\/wp-content\/uploads\/2024\/01\/KB-Header-860x1500-Holzschutz-1-512x294.jpg\",\r\n              \"_265\": \"\/wp-content\/uploads\/2024\/01\/KB-Header-860x1500-Holzschutz-1-265x152.jpg\"\r\n            },\r\n            \"w\": 1500,\r\n            \"h\": 860,\r\n            \"ar\": 0.5733333333333334,\r\n            \"alt\": \"\"\r\n          },\r\n          {\r\n            \"type\": \"img\",\r\n            \"attid\": 213,\r\n            \"cont\": \"\/wp-content\/uploads\/2024\/01\/KB-Header-860x1500-Holzschutz-2.jpg\",\r\n            \"sizes\": {\r\n              \"full\": \"\/wp-content\/uploads\/2024\/01\/KB-Header-860x1500-Holzschutz-2.jpg\",\r\n              \"_1280\": \"\/wp-content\/uploads\/2024\/01\/KB-Header-860x1500-Holzschutz-2-1280x734.jpg\",\r\n              \"_1024\": \"\/wp-content\/uploads\/2024\/01\/KB-Header-860x1500-Holzschutz-2-1024x587.jpg\",\r\n              \"_768\": \"\/wp-content\/uploads\/2024\/01\/KB-Header-860x1500-Holzschutz-2-768x440.jpg\",\r\n              \"_512\": \"\/wp-content\/uploads\/2024\/01\/KB-Header-860x1500-Holzschutz-2-512x294.jpg\",\r\n              \"_265\": \"\/wp-content\/uploads\/2024\/01\/KB-Header-860x1500-Holzschutz-2-265x152.jpg\"\r\n            },\r\n            \"w\": 1500,\r\n            \"h\": 860,\r\n            \"ar\": 0.5733333333333334,\r\n            \"alt\": \"\"\r\n          },\r\n          {\r\n            \"type\": \"img\",\r\n            \"attid\": 214,\r\n            \"cont\": \"\/wp-content\/uploads\/2024\/01\/KB-Header-860x1500-Holzschutz-3.jpg\",\r\n            \"sizes\": {\r\n              \"full\": \"\/wp-content\/uploads\/2024\/01\/KB-Header-860x1500-Holzschutz-3.jpg\",\r\n              \"_1280\": \"\/wp-content\/uploads\/2024\/01\/KB-Header-860x1500-Holzschutz-3-1280x734.jpg\",\r\n              \"_1024\": \"\/wp-content\/uploads\/2024\/01\/KB-Header-860x1500-Holzschutz-3-1024x587.jpg\",\r\n              \"_768\": \"\/wp-content\/uploads\/2024\/01\/KB-Header-860x1500-Holzschutz-3-768x440.jpg\",\r\n              \"_512\": \"\/wp-content\/uploads\/2024\/01\/KB-Header-860x1500-Holzschutz-3-512x294.jpg\",\r\n              \"_265\": \"\/wp-content\/uploads\/2024\/01\/KB-Header-860x1500-Holzschutz-3-265x152.jpg\"\r\n            },\r\n            \"w\": 1500,\r\n            \"h\": 860,\r\n            \"ar\": 0.5733333333333334,\r\n            \"alt\": \"\"\r\n          }\r\n        ]\r\n      },\r\n      \"relid\": 1\r\n    },\r\n    {\r\n      \"relid\": 3\r\n    }\r\n  ],\r\n  \"bgColor\": null,\r\n  \"bgImage\": null,\r\n  \"cont\": [\r\n    {\r\n      \"type\": \"text\",\r\n      \"cont\": \"<p><span style=\\\"color: #000000;\\\">Gefahrenbeseitigung<\/span><\/p>\",\r\n      \"align\": \"bottom\",\r\n      \"row\": 0,\r\n      \"col\": 0,\r\n      \"colspan\": 15,\r\n      \"offsetx\": 0,\r\n      \"offsety\": 0,\r\n      \"spaceabove\": 0,\r\n      \"spacebelow\": 20,\r\n      \"yvel\": 1,\r\n      \"push\": 0,\r\n      \"relid\": 6,\r\n      \"absolute_position\": true,\r\n      \"spacebelowMu\": \"px\",\r\n      \"classes\": \"Bildunterschrift\"\r\n    },\r\n    {\r\n      \"type\": \"text\",\r\n      \"cont\": \"<h1 class=\\\"_H1\\\">Gefahrenbeseitigung<\/h1><p>Gefahrenbeseitigung in vielen Bereichen ist ein wichtiger Aspekt des t\u00e4glichen Lebens, insbesondere im \u00f6ffentlichen Raum sowie Bauwesen und der Industrie. Dabei geht es darum, potenzielle Gefahrenquellen zu identifizieren und zu beseitigen, um die Sicherheit von Personen und Eigentum zu gew\u00e4hrleisten.<\/p><p>Haupts\u00e4chlich handelt es sich im \u00f6ffentlichen Raum um lose Bauteile an Fassaden von Putz und Gesims Teilen, die herabfallen k\u00f6nnen. Ebenfalls befinden sich auch auf dem Dach viele Bauteile, die mit der Zeit verwittern und sich l\u00f6sen.<\/p><p>Gefahrenbeseitigungen sollten so organisiert werden, dass potenzielle Gefahren f\u00fcr Kletterer und Passanten w\u00e4hrend der durchf\u00fchrenden Arbeit minimiert werden. Dazu geh\u00f6ren Ma\u00dfnahmen wie die Absicherung von Gehwegen und Stra\u00dfen, wie durch einen Passanten Schutz, der w\u00e4hrend der Sicherungsma\u00dfnahme aufgestellt wird. Insbesondere dann, wenn sich L\u00e4den und belebte Pl\u00e4tze in dem gef\u00e4hrdeten Bereich befinden.<\/p><p>Insgesamt ist die Gefahrenbeseitigung ein wichtiger Bestandteil der \u00f6ffentlichen Sicherheit. Durch gezielte Ma\u00dfnahmen k\u00f6nnen potenzielle Risiken minimiert und Unf\u00e4lle vermieden werden. Sprechen sie uns an und wir finden eine schnelle L\u00f6sung f\u00fcr das Problem.<\/p>\",\r\n      \"align\": \"top\",\r\n      \"row\": 1,\r\n      \"col\": 0,\r\n      \"colspan\": 10,\r\n      \"offsetx\": 0,\r\n      \"offsety\": 0,\r\n      \"spaceabove\": 0,\r\n      \"spacebelow\": 0,\r\n      \"yvel\": 1,\r\n      \"push\": 0,\r\n      \"relid\": 4,\r\n      \"absolute_position\": false,\r\n      \"frameOverflow\": \"\"\r\n    },\r\n    {\r\n      \"type\": \"stack\",\r\n      \"cont\": [\r\n        {\r\n          \"type\": \"text\",\r\n          \"cont\": \"<h1 class=\\\"_H2Boxen\\\"><span style=\\\"font-family: HelveticaNeueLTPro-BlkEx; letter-spacing: 0.02em; color: #ffffff;\\\">KONTAKT<br \/><\/span><\/h1><p class=\\\"_Boxen\\\"><span style=\\\"color: #ffffff;\\\">Sie erreichen uns zu den regul\u00e4ren Gesch\u00e4ftszeiten unter <a href=\\\"tel:XXX\\\"><span style=\\\"color: #ffffff;\\\">+49 123 45 67 89<\/span><\/a> oder jederzeit <a href=\\\"mailto:xxx\\\"><span style=\\\"color: #ffffff;\\\">per E-Mail<\/span><\/a>.<\/span><\/p>\",\r\n          \"align\": \"top\",\r\n          \"row\": -1,\r\n          \"col\": 0,\r\n          \"colspan\": 5,\r\n          \"offsetx\": 0,\r\n          \"offsety\": 0,\r\n          \"spaceabove\": 0,\r\n          \"spacebelow\": 0,\r\n          \"yvel\": 1,\r\n          \"push\": 0,\r\n          \"relid\": 5,\r\n          \"absolute_position\": false,\r\n          \"classes\": \"BoxBlau\",\r\n          \"stickytop\": null,\r\n          \"spacebelowMu\": \"px\"\r\n        },\r\n        {\r\n          \"type\": \"carousel\",\r\n          \"cont\": \"\",\r\n          \"align\": \"top\",\r\n          \"row\": -1,\r\n          \"col\": 0,\r\n          \"colspan\": 5,\r\n          \"offsetx\": 0,\r\n          \"offsety\": 0,\r\n          \"spaceabove\": 0,\r\n          \"spacebelow\": 0,\r\n          \"yvel\": 1,\r\n          \"push\": 0,\r\n          \"relid\": 8,\r\n          \"carousel_options\": {\r\n            \"random\": false,\r\n            \"autoplay\": false,\r\n            \"showMultipleSlides\": false,\r\n            \"freeScroll\": false,\r\n            \"mousewheelScroll\": false,\r\n            \"size\": \"aspectRatioOfFirstElement\",\r\n            \"slidesWidth\": \"null\",\r\n            \"transition\": \"sliding\",\r\n            \"loop\": \"1\",\r\n            \"spaceBetween\": 0,\r\n            \"captionsUnderSlides\": false,\r\n            \"autoplaySpeed\": 2000,\r\n            \"autoplayDelay\": 0,\r\n            \"transitionSpeed\": 300,\r\n            \"fillSlides\": false\r\n          },\r\n          \"carousel\": [\r\n            {\r\n              \"cont\": \"<h2 class=\\\"_H2Boxen\\\"><span style=\\\"color: #000000;\\\">WUSSTEN SIE SCHON?<\/span><\/h2><p class=\\\"_Boxen\\\"><span style=\\\"color: #000000;\\\">Tipp Nummer 1, Hinweis Nummer 1, was wir so erledigen k\u00f6nnen. Was Sie bei uns bekommen k\u00f6nnen. Usw. und so fort. So geht es dann noch weiter und es steht mehr Text hier.<br \/><\/span><\/p>\",\r\n              \"type\": \"text\"\r\n            },\r\n            {\r\n              \"cont\": \"<h2 class=\\\"_H2Boxen\\\"><span style=\\\"color: #000000;\\\">WUSSTEN SIE SCHON?<\/span><\/h2><p class=\\\"_Boxen\\\"><span style=\\\"color: #000000;\\\">Tipp Nummer 1, Hinweis Nummer 1, was wir so erledigen k\u00f6nnen. Was Sie bei uns bekommen k\u00f6nnen. Usw. und so fort.<\/span><\/p>\",\r\n              \"type\": \"text\"\r\n            },\r\n            {\r\n              \"cont\": \"<h2 class=\\\"_H2Boxen\\\"><span style=\\\"color: #000000;\\\">WUSSTEN SIE SCHON?<\/span><\/h2><p class=\\\"_Boxen\\\"><span style=\\\"color: #000000;\\\">Tipp Nummer 1, Hinweis Nummer 1, was wir so erledigen k\u00f6nnen. Was Sie bei uns bekommen k\u00f6nnen. Usw. und so fort.<\/span><\/p>\",\r\n              \"type\": \"text\"\r\n            }\r\n          ],\r\n          \"absolute_position\": false,\r\n          \"classes\": \"BoxGelb\"\r\n        }\r\n      ],\r\n      \"align\": \"top\",\r\n      \"row\": 1,\r\n      \"col\": 10,\r\n      \"colspan\": 5,\r\n      \"offsetx\": 0,\r\n      \"offsety\": 0,\r\n      \"spaceabove\": 0,\r\n      \"spacebelow\": 0,\r\n      \"yvel\": 1,\r\n      \"push\": 0,\r\n      \"relid\": 2,\r\n      \"absolute_position\": false,\r\n      \"frameOverflow\": \"\"\r\n    }\r\n  ]\r\n}","phonegrid":"","_links":{"self":[{"href":"https:\/\/diekletterbande.de\/wp\/wp-json\/wp\/v2\/pages\/228","targetHints":{"allow":["GET"]}}],"collection":[{"href":"https:\/\/diekletterbande.de\/wp\/wp-json\/wp\/v2\/pages"}],"about":[{"href":"https:\/\/diekletterbande.de\/wp\/wp-json\/wp\/v2\/types\/page"}],"author":[{"embeddable":true,"href":"https:\/\/diekletterbande.de\/wp\/wp-json\/wp\/v2\/users\/1"}],"replies":[{"embeddable":true,"href":"https:\/\/diekletterbande.de\/wp\/wp-json\/wp\/v2\/comments?post=228"}],"version-history":[{"count":0,"href":"https:\/\/diekletterbande.de\/wp\/wp-json\/wp\/v2\/pages\/228\/revisions"}],"up":[{"embeddable":true,"href":"https:\/\/diekletterbande.de\/wp\/wp-json\/wp\/v2\/pages\/10"}],"wp:attachment":[{"href":"https:\/\/diekletterbande.de\/wp\/wp-json\/wp\/v2\/media?parent=228"}],"curies":[{"name":"wp","href":"https:\/\/api.w.org\/{rel}","templated":true}]}}