{"id":232,"date":"2024-01-11T15:51:57","date_gmt":"2024-01-11T14:51:57","guid":{"rendered":"https:\/\/diekletterbande.de\/wp\/vogelabwehr-copy\/"},"modified":"2024-06-17T21:22:53","modified_gmt":"2024-06-17T19:22:53","slug":"verschliessen-von-spechtloechern","status":"publish","type":"page","link":"https:\/\/diekletterbande.de\/wp\/hoehenarbeit\/verschliessen-von-spechtloechern\/","title":{"rendered":"Verschlie\u00dfen von Spechtl\u00f6chern"},"content":{"rendered":"","protected":false},"excerpt":{"rendered":"","protected":false},"author":1,"featured_media":0,"parent":10,"menu_order":8,"comment_status":"closed","ping_status":"closed","template":"","meta":[],"class_list":["post-232","page","type-page","status-publish","hentry"],"grid":"{\r\n  \"colCount\": 15,\r\n  \"colGutter\": 2.5,\r\n  \"rowGutters\": [\r\n    5\r\n  ],\r\n  \"frameMargin\": 5,\r\n  \"leftFrameMargin\": 5,\r\n  \"rightFrameMargin\": 5,\r\n  \"topFrameMargin\": 0,\r\n  \"mus\": {\r\n    \"colGutterMu\": \"%\",\r\n    \"rowGutterMu\": \"%\",\r\n    \"topFrameMu\": \"px\",\r\n    \"bottomFrameMu\": \"px\",\r\n    \"frameMu\": \"%\"\r\n  },\r\n  \"bottomFrameMargin\": 100,\r\n  \"rowAttrs\": [\r\n    {\r\n      \"row100vh\": true,\r\n      \"rowcustomheight\": \"\",\r\n      \"webglslideshow\": {\r\n        \"carousel_options\": {\r\n          \"transition\": \"directionalwipe\",\r\n          \"autoplaySpeed\": 600,\r\n          \"autoplayDelay\": 300,\r\n          \"transitionSpeed\": 2000\r\n        },\r\n        \"carousel\": [\r\n          {\r\n            \"type\": \"img\",\r\n            \"attid\": 212,\r\n            \"cont\": \"\/wp-content\/uploads\/2024\/01\/KB-Header-860x1500-Holzschutz-1.jpg\",\r\n            \"sizes\": {\r\n              \"full\": \"\/wp-content\/uploads\/2024\/01\/KB-Header-860x1500-Holzschutz-1.jpg\",\r\n              \"_1280\": \"\/wp-content\/uploads\/2024\/01\/KB-Header-860x1500-Holzschutz-1-1280x734.jpg\",\r\n              \"_1024\": \"\/wp-content\/uploads\/2024\/01\/KB-Header-860x1500-Holzschutz-1-1024x587.jpg\",\r\n              \"_768\": \"\/wp-content\/uploads\/2024\/01\/KB-Header-860x1500-Holzschutz-1-768x440.jpg\",\r\n              \"_512\": \"\/wp-content\/uploads\/2024\/01\/KB-Header-860x1500-Holzschutz-1-512x294.jpg\",\r\n              \"_265\": \"\/wp-content\/uploads\/2024\/01\/KB-Header-860x1500-Holzschutz-1-265x152.jpg\"\r\n            },\r\n            \"w\": 1500,\r\n            \"h\": 860,\r\n            \"ar\": 0.5733333333333334,\r\n            \"alt\": \"\"\r\n          },\r\n          {\r\n            \"type\": \"img\",\r\n            \"attid\": 213,\r\n            \"cont\": \"\/wp-content\/uploads\/2024\/01\/KB-Header-860x1500-Holzschutz-2.jpg\",\r\n            \"sizes\": {\r\n              \"full\": \"\/wp-content\/uploads\/2024\/01\/KB-Header-860x1500-Holzschutz-2.jpg\",\r\n              \"_1280\": \"\/wp-content\/uploads\/2024\/01\/KB-Header-860x1500-Holzschutz-2-1280x734.jpg\",\r\n              \"_1024\": \"\/wp-content\/uploads\/2024\/01\/KB-Header-860x1500-Holzschutz-2-1024x587.jpg\",\r\n              \"_768\": \"\/wp-content\/uploads\/2024\/01\/KB-Header-860x1500-Holzschutz-2-768x440.jpg\",\r\n              \"_512\": \"\/wp-content\/uploads\/2024\/01\/KB-Header-860x1500-Holzschutz-2-512x294.jpg\",\r\n              \"_265\": \"\/wp-content\/uploads\/2024\/01\/KB-Header-860x1500-Holzschutz-2-265x152.jpg\"\r\n            },\r\n            \"w\": 1500,\r\n            \"h\": 860,\r\n            \"ar\": 0.5733333333333334,\r\n            \"alt\": \"\"\r\n          },\r\n          {\r\n            \"type\": \"img\",\r\n            \"attid\": 214,\r\n            \"cont\": \"\/wp-content\/uploads\/2024\/01\/KB-Header-860x1500-Holzschutz-3.jpg\",\r\n            \"sizes\": {\r\n              \"full\": \"\/wp-content\/uploads\/2024\/01\/KB-Header-860x1500-Holzschutz-3.jpg\",\r\n              \"_1280\": \"\/wp-content\/uploads\/2024\/01\/KB-Header-860x1500-Holzschutz-3-1280x734.jpg\",\r\n              \"_1024\": \"\/wp-content\/uploads\/2024\/01\/KB-Header-860x1500-Holzschutz-3-1024x587.jpg\",\r\n              \"_768\": \"\/wp-content\/uploads\/2024\/01\/KB-Header-860x1500-Holzschutz-3-768x440.jpg\",\r\n              \"_512\": \"\/wp-content\/uploads\/2024\/01\/KB-Header-860x1500-Holzschutz-3-512x294.jpg\",\r\n              \"_265\": \"\/wp-content\/uploads\/2024\/01\/KB-Header-860x1500-Holzschutz-3-265x152.jpg\"\r\n            },\r\n            \"w\": 1500,\r\n            \"h\": 860,\r\n            \"ar\": 0.5733333333333334,\r\n            \"alt\": \"\"\r\n          }\r\n        ]\r\n      },\r\n      \"relid\": 1\r\n    },\r\n    {\r\n      \"relid\": 3\r\n    }\r\n  ],\r\n  \"bgColor\": null,\r\n  \"bgImage\": null,\r\n  \"cont\": [\r\n    {\r\n      \"type\": \"text\",\r\n      \"cont\": \"<p><span style=\\\"color: #000000;\\\">Verschlie\u00dfen von Spechtl\u00f6chern<\/span><\/p>\",\r\n      \"align\": \"bottom\",\r\n      \"row\": 0,\r\n      \"col\": 0,\r\n      \"colspan\": 15,\r\n      \"offsetx\": 0,\r\n      \"offsety\": 0,\r\n      \"spaceabove\": 0,\r\n      \"spacebelow\": 20,\r\n      \"yvel\": 1,\r\n      \"push\": 0,\r\n      \"relid\": 6,\r\n      \"absolute_position\": true,\r\n      \"spacebelowMu\": \"px\",\r\n      \"classes\": \"Bildunterschrift\"\r\n    },\r\n    {\r\n      \"type\": \"text\",\r\n      \"cont\": \"<h1 class=\\\"_H1\\\">Verschlie\u00dfen von Spechtl\u00f6chern<\/h1><p>Das Verschlie\u00dfen von Specht l\u00f6chern ist eine wichtige Ma\u00dfnahme, um weitere Sch\u00e4den an Geb\u00e4uden und B\u00e4umen zu verhindern. Spechte k\u00f6nnen durch ihr Trommeln und H\u00e4mmern an Holz und Putz-Strukturen l\u00f6cher in Fassaden, D\u00e4chern und B\u00e4umen verursachen. Diese L\u00f6cher k\u00f6nnen nicht nur zu \u00e4sthetischen Problemen f\u00fchren, sondern auch das Eindringen von Feuchtigkeit beg\u00fcnstigen und somit die Bausubstanz besch\u00e4digen.<\/p><p>Um Specht L\u00f6cher zu verschlie\u00dfen, gibt es verschiedene Methoden und Materialien. Eine M\u00f6glichkeit ist das Anbringen von speziellen Metallplatten oder -gittern \u00fcber den betroffenen Stellen. Diese hindern die Spechte daran, weiterhin L\u00f6cher zu h\u00e4mmern und sch\u00fctzen gleichzeitig die betroffenen Bereiche vor weiteren Sch\u00e4den.<\/p><p>Eine weitere Methode ist, das Verwenden von Holzkitt oder im Putzbereich mit einem speziell schnell aush\u00e4rtenden Reparaturm\u00f6rtel, um die L\u00f6cher zu f\u00fcllen und anschlie\u00dfend optisch so zu kaschieren, indem man in dem Schadensbereich die vorhandene Putzstruktur wieder herstellt. Im Anschluss wird der Bereich gestrichen.<\/p><p>Bei der Wahl des Materials und der Farbe ist es wichtig sicherzustellen, dass es wetterbest\u00e4ndig ist und sich gut mit der Oberfl\u00e4che verbindet. Auch hier bieten wir an, f\u00fcr sie den Originalen Farbton anmischen zu lassen, damit die Reparatur im Anschluss nicht mehr zu sehen ist. Sprechen Sie uns an und wir machen Ihnen ein unverbindliches Angebot.<\/p>\",\r\n      \"align\": \"top\",\r\n      \"row\": 1,\r\n      \"col\": 0,\r\n      \"colspan\": 10,\r\n      \"offsetx\": 0,\r\n      \"offsety\": 0,\r\n      \"spaceabove\": 0,\r\n      \"spacebelow\": 0,\r\n      \"yvel\": 1,\r\n      \"push\": 0,\r\n      \"relid\": 4,\r\n      \"absolute_position\": false,\r\n      \"frameOverflow\": \"\"\r\n    },\r\n    {\r\n      \"type\": \"stack\",\r\n      \"cont\": [\r\n        {\r\n          \"type\": \"text\",\r\n          \"cont\": \"<h1 class=\\\"_H2Boxen\\\"><span style=\\\"font-family: HelveticaNeueLTPro-BlkEx; letter-spacing: 0.02em; color: #ffffff;\\\">KONTAKT<br \/><\/span><\/h1><p class=\\\"_Boxen\\\"><span style=\\\"color: #ffffff;\\\">Sie erreichen uns zu den regul\u00e4ren Gesch\u00e4ftszeiten unter <a href=\\\"tel:XXX\\\"><span style=\\\"color: #ffffff;\\\">+49 123 45 67 89<\/span><\/a> oder jederzeit <a href=\\\"mailto:xxx\\\"><span style=\\\"color: #ffffff;\\\">per E-Mail<\/span><\/a>.<\/span><\/p>\",\r\n          \"align\": \"top\",\r\n          \"row\": -1,\r\n          \"col\": 0,\r\n          \"colspan\": 5,\r\n          \"offsetx\": 0,\r\n          \"offsety\": 0,\r\n          \"spaceabove\": 0,\r\n          \"spacebelow\": 0,\r\n          \"yvel\": 1,\r\n          \"push\": 0,\r\n          \"relid\": 5,\r\n          \"absolute_position\": false,\r\n          \"classes\": \"BoxBlau\",\r\n          \"stickytop\": null,\r\n          \"spacebelowMu\": \"px\"\r\n        },\r\n        {\r\n          \"type\": \"carousel\",\r\n          \"cont\": \"\",\r\n          \"align\": \"top\",\r\n          \"row\": -1,\r\n          \"col\": 0,\r\n          \"colspan\": 5,\r\n          \"offsetx\": 0,\r\n          \"offsety\": 0,\r\n          \"spaceabove\": 0,\r\n          \"spacebelow\": 0,\r\n          \"yvel\": 1,\r\n          \"push\": 0,\r\n          \"relid\": 8,\r\n          \"carousel_options\": {\r\n            \"random\": false,\r\n            \"autoplay\": false,\r\n            \"showMultipleSlides\": false,\r\n            \"freeScroll\": false,\r\n            \"mousewheelScroll\": false,\r\n            \"size\": \"aspectRatioOfFirstElement\",\r\n            \"slidesWidth\": \"null\",\r\n            \"transition\": \"sliding\",\r\n            \"loop\": \"1\",\r\n            \"spaceBetween\": 0,\r\n            \"captionsUnderSlides\": false,\r\n            \"autoplaySpeed\": 2000,\r\n            \"autoplayDelay\": 0,\r\n            \"transitionSpeed\": 300,\r\n            \"fillSlides\": false\r\n          },\r\n          \"carousel\": [\r\n            {\r\n              \"cont\": \"<h2 class=\\\"_H2Boxen\\\"><span style=\\\"color: #000000;\\\">WUSSTEN SIE SCHON?<\/span><\/h2><p class=\\\"_Boxen\\\"><span style=\\\"color: #000000;\\\">Tipp Nummer 1, Hinweis Nummer 1, was wir so erledigen k\u00f6nnen. Was Sie bei uns bekommen k\u00f6nnen. Usw. und so fort. So geht es dann noch weiter und es steht mehr Text hier.<br \/><\/span><\/p>\",\r\n              \"type\": \"text\"\r\n            },\r\n            {\r\n              \"cont\": \"<h2 class=\\\"_H2Boxen\\\"><span style=\\\"color: #000000;\\\">WUSSTEN SIE SCHON?<\/span><\/h2><p class=\\\"_Boxen\\\"><span style=\\\"color: #000000;\\\">Tipp Nummer 1, Hinweis Nummer 1, was wir so erledigen k\u00f6nnen. Was Sie bei uns bekommen k\u00f6nnen. Usw. und so fort.<\/span><\/p>\",\r\n              \"type\": \"text\"\r\n            },\r\n            {\r\n              \"cont\": \"<h2 class=\\\"_H2Boxen\\\"><span style=\\\"color: #000000;\\\">WUSSTEN SIE SCHON?<\/span><\/h2><p class=\\\"_Boxen\\\"><span style=\\\"color: #000000;\\\">Tipp Nummer 1, Hinweis Nummer 1, was wir so erledigen k\u00f6nnen. Was Sie bei uns bekommen k\u00f6nnen. Usw. und so fort.<\/span><\/p>\",\r\n              \"type\": \"text\"\r\n            }\r\n          ],\r\n          \"absolute_position\": false,\r\n          \"classes\": \"BoxGelb\"\r\n        }\r\n      ],\r\n      \"align\": \"top\",\r\n      \"row\": 1,\r\n      \"col\": 10,\r\n      \"colspan\": 5,\r\n      \"offsetx\": 0,\r\n      \"offsety\": 0,\r\n      \"spaceabove\": 0,\r\n      \"spacebelow\": 0,\r\n      \"yvel\": 1,\r\n      \"push\": 0,\r\n      \"relid\": 2,\r\n      \"absolute_position\": false,\r\n      \"frameOverflow\": \"\"\r\n    }\r\n  ]\r\n}","phonegrid":"","_links":{"self":[{"href":"https:\/\/diekletterbande.de\/wp\/wp-json\/wp\/v2\/pages\/232","targetHints":{"allow":["GET"]}}],"collection":[{"href":"https:\/\/diekletterbande.de\/wp\/wp-json\/wp\/v2\/pages"}],"about":[{"href":"https:\/\/diekletterbande.de\/wp\/wp-json\/wp\/v2\/types\/page"}],"author":[{"embeddable":true,"href":"https:\/\/diekletterbande.de\/wp\/wp-json\/wp\/v2\/users\/1"}],"replies":[{"embeddable":true,"href":"https:\/\/diekletterbande.de\/wp\/wp-json\/wp\/v2\/comments?post=232"}],"version-history":[{"count":0,"href":"https:\/\/diekletterbande.de\/wp\/wp-json\/wp\/v2\/pages\/232\/revisions"}],"up":[{"embeddable":true,"href":"https:\/\/diekletterbande.de\/wp\/wp-json\/wp\/v2\/pages\/10"}],"wp:attachment":[{"href":"https:\/\/diekletterbande.de\/wp\/wp-json\/wp\/v2\/media?parent=232"}],"curies":[{"name":"wp","href":"https:\/\/api.w.org\/{rel}","templated":true}]}}